{"id":3,"date":"2023-01-10T22:58:31","date_gmt":"2023-01-10T21:58:31","guid":{"rendered":"http:\/\/welding-pro.fr\/?page_id=3"},"modified":"2023-01-19T01:32:24","modified_gmt":"2023-01-19T00:32:24","slug":"mentions_legales","status":"publish","type":"page","link":"https:\/\/welding-pro.fr\/index.php\/mentions_legales\/","title":{"rendered":"Mentions L\u00e9gales"},"content":{"rendered":"<div data-colibri-id=\"3-c1\" class=\"style-980 style-local-3-c1 position-relative\">\n  <!---->\n  <div data-colibri-component=\"section\" data-colibri-id=\"3-c2\" id=\"initial-content\" class=\"h-section h-section-global-spacing d-flex align-items-lg-center align-items-md-center align-items-center style-981 style-local-3-c2 position-relative\">\n    <!---->\n    <!---->\n    <div class=\"h-section-grid-container h-section-boxed-container\">\n      <!---->\n      <div data-colibri-id=\"3-c7\" class=\"h-row-container gutters-row-lg-2 gutters-row-md-2 gutters-row-0 gutters-row-v-lg-2 gutters-row-v-md-2 gutters-row-v-2 style-986 style-local-3-c7 position-relative\">\n        <!---->\n        <div class=\"h-row justify-content-lg-center justify-content-md-center justify-content-center align-items-lg-stretch align-items-md-stretch align-items-stretch gutters-col-lg-2 gutters-col-md-2 gutters-col-0 gutters-col-v-lg-2 gutters-col-v-md-2 gutters-col-v-2\">\n          <!---->\n          <div class=\"h-column h-column-container d-flex h-col-lg-auto h-col-md-auto h-col-auto style-987-outer style-local-3-c8-outer\">\n            <div data-colibri-id=\"3-c8\" class=\"d-flex h-flex-basis h-column__inner h-px-lg-2 h-px-md-2 h-px-2 v-inner-lg-2 v-inner-md-2 v-inner-2 style-987 style-local-3-c8 position-relative\">\n              <!---->\n              <!---->\n              <div class=\"w-100 h-y-container h-column__content h-column__v-align flex-basis-100 align-self-lg-start align-self-md-start align-self-start\">\n                <!---->\n                <div data-colibri-id=\"3-c9\" class=\"h-global-transition-all h-heading style-988 style-local-3-c9 position-relative h-element\">\n                  <!---->\n                  <div class=\"h-heading__outer style-988 style-local-3-c9\">\n                    <!---->\n                    <!---->\n                    <h1 class=\"\">Mentions L\u00e9gales<\/h1>\n                  <\/div>\n                <\/div>\n              <\/div>\n            <\/div>\n          <\/div>\n        <\/div>\n      <\/div>\n      <div data-colibri-id=\"3-c3\" class=\"h-row-container gutters-row-lg-2 gutters-row-md-2 gutters-row-0 gutters-row-v-lg-2 gutters-row-v-md-2 gutters-row-v-2 style-982 style-local-3-c3 position-relative\">\n        <!---->\n        <div class=\"h-row justify-content-lg-center justify-content-md-center justify-content-center align-items-lg-stretch align-items-md-stretch align-items-stretch gutters-col-lg-2 gutters-col-md-2 gutters-col-0 gutters-col-v-lg-2 gutters-col-v-md-2 gutters-col-v-2\">\n          <!---->\n          <div class=\"h-column h-column-container d-flex h-col-lg-auto h-col-md-auto h-col-auto style-983-outer style-local-3-c4-outer\">\n            <div data-colibri-id=\"3-c4\" class=\"d-flex h-flex-basis h-column__inner h-px-lg-2 h-px-md-2 h-px-2 v-inner-lg-2 v-inner-md-2 v-inner-2 style-983 style-local-3-c4 position-relative\">\n              <!---->\n              <!---->\n              <div class=\"w-100 h-y-container h-column__content h-column__v-align flex-basis-100 align-self-lg-start align-self-md-start align-self-start\">\n                <!---->\n                <div data-colibri-id=\"3-c6\" class=\"h-text h-text-component style-985 style-local-3-c6 position-relative h-element\">\n                  <!---->\n                  <!---->\n                  <div class=\"\">\n                    <p>Conform\u00e9ment aux dispositions de la loi n\u00b0 2004-575 du 21 juin 2004 pour la confiance en l&#8217;\u00e9conomie num\u00e9rique, il est pr\u00e9cis\u00e9 aux utilisateurs du site Welding Pro Industrie l&#8217;identit\u00e9 des diff\u00e9rents intervenants dans le cadre de sa\n                      r\u00e9alisation et de son suivi.<\/p>\n                    <p><strong>Edition du site&nbsp;<\/strong><\/p>\n                    <p>Le pr\u00e9sent site, accessible \u00e0 l\u2019URL welding-pro.fr (le \u00ab Site \u00bb), est \u00e9dit\u00e9 par :<\/p>\n                    <p>WELDING PRO INDUSTRIE, soci\u00e9t\u00e9 au capital de 10000 euros, inscrite au R.C.S. de PAU sous le num\u00e9ro Pau B 913 039 574, dont le si\u00e8ge social est situ\u00e9 au 25 RUE RAOUL VERGEZ 64150 ABIDOS, repr\u00e9sent\u00e9(e) par Fran\u00e7ois Pellet d\u00fbment habilit\u00e9(e)<\/p>\n                    <p>Le num\u00e9ro individuel TVA de l\u2019\u00e9diteur est : FR45913039574.<\/p>\n                    <p>\n                      <br>\n                    <\/p>\n                    <p>\n                      <br>\n                    <\/p>\n                    <p><strong>H\u00e9bergement<\/strong><\/p>\n                    <p>Le Site est h\u00e9berg\u00e9 par la soci\u00e9t\u00e9 OVH SAS, situ\u00e9 2 rue Kellermann &#8211; BP 80157 &#8211; 59053 Roubaix Cedex 1, (contact t\u00e9l\u00e9phonique ou email : 1007).<\/p>\n                    <p>Directeur de publication&nbsp;<\/p>\n                    <p>Le Directeur de la publication du Site est Fran\u00e7ois Pellet .<\/p>\n                    <p>\n                      <br>\n                    <\/p>\n                    <p><strong>Nous contacter&nbsp;<\/strong><\/p>\n                    <p>Par t\u00e9l\u00e9phone&nbsp;: +33547415674<\/p>\n                    <p>Par email&nbsp;: contact@welding-pro.fr<\/p>\n                    <p>Par courrier&nbsp;: 25 RUE RAOUL VERGEZ 64150 ABIDOS<\/p>\n                    <p>\n                      <br>\n                    <\/p>\n                    <p>\n                      <br>\n                    <\/p>\n                  <\/div>\n                <\/div>\n              <\/div>\n            <\/div>\n          <\/div>\n        <\/div>\n      <\/div>\n    <\/div>\n  <\/div>\n<\/div>","protected":false},"excerpt":{"rendered":"<p>Mentions L\u00e9gales Conform\u00e9ment aux dispositions de la loi n\u00b0 2004-575 du 21 juin 2004 pour la confiance en l&#8217;\u00e9conomie num\u00e9rique, il est pr\u00e9cis\u00e9 aux utilisateurs du site Welding Pro Industrie l&#8217;identit\u00e9 des diff\u00e9rents intervenants dans le cadre de sa r\u00e9alisation et de son suivi. Edition du site&nbsp; Le pr\u00e9sent site, accessible \u00e0 l\u2019URL welding-pro.fr (le [&hellip;]<\/p>\n","protected":false},"author":1,"featured_media":0,"parent":0,"menu_order":0,"comment_status":"closed","ping_status":"closed","template":"page-templates\/full-width-page.php","meta":{"footnotes":""},"class_list":["post-3","page","type-page","status-publish","hentry"],"_links":{"self":[{"href":"https:\/\/welding-pro.fr\/index.php\/wp-json\/wp\/v2\/pages\/3","targetHints":{"allow":["GET"]}}],"collection":[{"href":"https:\/\/welding-pro.fr\/index.php\/wp-json\/wp\/v2\/pages"}],"about":[{"href":"https:\/\/welding-pro.fr\/index.php\/wp-json\/wp\/v2\/types\/page"}],"author":[{"embeddable":true,"href":"https:\/\/welding-pro.fr\/index.php\/wp-json\/wp\/v2\/users\/1"}],"replies":[{"embeddable":true,"href":"https:\/\/welding-pro.fr\/index.php\/wp-json\/wp\/v2\/comments?post=3"}],"version-history":[{"count":3,"href":"https:\/\/welding-pro.fr\/index.php\/wp-json\/wp\/v2\/pages\/3\/revisions"}],"predecessor-version":[{"id":1484,"href":"https:\/\/welding-pro.fr\/index.php\/wp-json\/wp\/v2\/pages\/3\/revisions\/1484"}],"wp:attachment":[{"href":"https:\/\/welding-pro.fr\/index.php\/wp-json\/wp\/v2\/media?parent=3"}],"curies":[{"name":"wp","href":"https:\/\/api.w.org\/{rel}","templated":true}]}}